{"id":19,"date":"2022-05-03T10:26:38","date_gmt":"2022-05-03T08:26:38","guid":{"rendered":"http:\/\/metalix.fr\/?page_id=19"},"modified":"2022-11-21T18:57:27","modified_gmt":"2022-11-21T17:57:27","slug":"nos-realisations","status":"publish","type":"page","link":"https:\/\/metalix.fr\/index.php\/nos-realisations\/","title":{"rendered":"Nos r\u00e9alisations"},"content":{"rendered":"\t\t<div data-elementor-type=\"wp-page\" data-elementor-id=\"19\" class=\"elementor elementor-19\" data-elementor-post-type=\"page\">\n\t\t\t\t\t\t<section class=\"elementor-section elementor-top-section elementor-element elementor-element-30b4b89b elementor-section-full_width elementor-section-height-default elementor-section-height-default\" data-id=\"30b4b89b\" data-element_type=\"section\" data-settings=\"{&quot;shape_divider_bottom&quot;:&quot;triangle&quot;,&quot;shape_divider_bottom_negative&quot;:&quot;yes&quot;}\">\n\t\t\t\t\t<div class=\"elementor-shape elementor-shape-bottom\" data-negative=\"true\">\n\t\t\t<svg xmlns=\"http:\/\/www.w3.org\/2000\/svg\" viewBox=\"0 0 1000 100\" preserveAspectRatio=\"none\">\n\t<path class=\"elementor-shape-fill\" d=\"M500.2,94.7L0,0v100h1000V0L500.2,94.7z\"\/>\n<\/svg>\t\t<\/div>\n\t\t\t\t\t<div class=\"elementor-container elementor-column-gap-no\">\n\t\t\t\t\t<div class=\"elementor-column elementor-col-100 elementor-top-column elementor-element elementor-element-2b48e4b8\" data-id=\"2b48e4b8\" data-element_type=\"column\">\n\t\t\t<div class=\"elementor-widget-wrap elementor-element-populated\">\n\t\t\t\t\t\t<div class=\"elementor-element elementor-element-12add246 elementor--h-position-center elementor--v-position-middle elementor-arrows-position-inside elementor-widget elementor-widget-slides\" data-id=\"12add246\" data-element_type=\"widget\" data-settings=\"{&quot;navigation&quot;:&quot;arrows&quot;,&quot;autoplay_speed&quot;:4000,&quot;autoplay&quot;:&quot;yes&quot;,&quot;pause_on_interaction&quot;:&quot;yes&quot;,&quot;infinite&quot;:&quot;yes&quot;,&quot;transition&quot;:&quot;slide&quot;,&quot;transition_speed&quot;:500}\" data-widget_type=\"slides.default\">\n\t\t\t\t<div class=\"elementor-widget-container\">\n\t\t\t\t\t\t\t\t\t<div class=\"elementor-swiper\">\n\t\t\t\t\t<div class=\"elementor-slides-wrapper elementor-main-swiper swiper\" role=\"region\" aria-roledescription=\"carousel\" aria-label=\"Diapositives\" dir=\"ltr\" data-animation=\"fadeInUp\">\n\t\t\t\t<div class=\"swiper-wrapper elementor-slides\">\n\t\t\t\t\t\t\t\t\t\t<div class=\"elementor-repeater-item-b245a4d swiper-slide\" role=\"group\" aria-roledescription=\"slide\"><div class=\"swiper-slide-bg\" role=\"img\"><\/div><div class=\"elementor-background-overlay\"><\/div><div class=\"swiper-slide-inner\" ><div class=\"swiper-slide-contents\"><div class=\"elementor-slide-heading\">NOS R\u00c9ALISATIONS<\/div><\/div><\/div><\/div>\t\t\t\t<\/div>\n\t\t\t\t\t\t\t<\/div>\n\t\t\t\t<\/div>\n\t\t\t\t\t\t\t\t<\/div>\n\t\t\t\t<\/div>\n\t\t\t\t\t<\/div>\n\t\t<\/div>\n\t\t\t\t\t<\/div>\n\t\t<\/section>\n\t\t\t\t<section class=\"elementor-section elementor-top-section elementor-element elementor-element-b76d779 elementor-section-boxed elementor-section-height-default elementor-section-height-default\" data-id=\"b76d779\" data-element_type=\"section\">\n\t\t\t\t\t\t<div class=\"elementor-container elementor-column-gap-default\">\n\t\t\t\t\t<div class=\"elementor-column elementor-col-50 elementor-top-column elementor-element elementor-element-31520a4\" data-id=\"31520a4\" data-element_type=\"column\">\n\t\t\t<div class=\"elementor-widget-wrap elementor-element-populated\">\n\t\t\t\t\t\t<div class=\"elementor-element elementor-element-050796f elementor-widget elementor-widget-heading\" data-id=\"050796f\" data-element_type=\"widget\" data-widget_type=\"heading.default\">\n\t\t\t\t<div class=\"elementor-widget-container\">\n\t\t\t\t\t<h2 class=\"elementor-heading-title elementor-size-default\">Particuliers<\/h2>\t\t\t\t<\/div>\n\t\t\t\t<\/div>\n\t\t\t\t<div class=\"elementor-element elementor-element-b1b8168 elementor-widget elementor-widget-image\" data-id=\"b1b8168\" data-element_type=\"widget\" data-widget_type=\"image.default\">\n\t\t\t\t<div class=\"elementor-widget-container\">\n\t\t\t\t\t\t\t\t\t\t\t\t\t\t\t<img fetchpriority=\"high\" decoding=\"async\" width=\"1600\" height=\"900\" src=\"https:\/\/metalix.fr\/wp-content\/uploads\/2022\/07\/WhatsApp-Image-2022-07-04-at-11.43.11-2.jpeg\" class=\"attachment-full size-full wp-image-1217\" alt=\"\" srcset=\"https:\/\/metalix.fr\/wp-content\/uploads\/2022\/07\/WhatsApp-Image-2022-07-04-at-11.43.11-2.jpeg 1600w, https:\/\/metalix.fr\/wp-content\/uploads\/2022\/07\/WhatsApp-Image-2022-07-04-at-11.43.11-2-300x169.jpeg 300w, https:\/\/metalix.fr\/wp-content\/uploads\/2022\/07\/WhatsApp-Image-2022-07-04-at-11.43.11-2-1024x576.jpeg 1024w, https:\/\/metalix.fr\/wp-content\/uploads\/2022\/07\/WhatsApp-Image-2022-07-04-at-11.43.11-2-768x432.jpeg 768w, https:\/\/metalix.fr\/wp-content\/uploads\/2022\/07\/WhatsApp-Image-2022-07-04-at-11.43.11-2-1536x864.jpeg 1536w\" sizes=\"(max-width: 1600px) 100vw, 1600px\" \/>\t\t\t\t\t\t\t\t\t\t\t\t\t\t\t<\/div>\n\t\t\t\t<\/div>\n\t\t\t\t<div class=\"elementor-element elementor-element-be57b5a elementor-align-center elementor-widget elementor-widget-button\" data-id=\"be57b5a\" data-element_type=\"widget\" data-widget_type=\"button.default\">\n\t\t\t\t<div class=\"elementor-widget-container\">\n\t\t\t\t\t\t\t\t\t<div class=\"elementor-button-wrapper\">\n\t\t\t\t\t<a class=\"elementor-button elementor-button-link elementor-size-sm elementor-animation-grow\" href=\"http:\/\/metalix.fr\/index.php\/paticuliers\/\">\n\t\t\t\t\t\t<span class=\"elementor-button-content-wrapper\">\n\t\t\t\t\t\t<span class=\"elementor-button-icon\">\n\t\t\t\t<i aria-hidden=\"true\" class=\"fas fa-image\"><\/i>\t\t\t<\/span>\n\t\t\t\t\t\t\t\t\t<span class=\"elementor-button-text\">D\u00e9couvrir<\/span>\n\t\t\t\t\t<\/span>\n\t\t\t\t\t<\/a>\n\t\t\t\t<\/div>\n\t\t\t\t\t\t\t\t<\/div>\n\t\t\t\t<\/div>\n\t\t\t\t\t<\/div>\n\t\t<\/div>\n\t\t\t\t<div class=\"elementor-column elementor-col-50 elementor-top-column elementor-element elementor-element-6e2b231\" data-id=\"6e2b231\" data-element_type=\"column\">\n\t\t\t<div class=\"elementor-widget-wrap elementor-element-populated\">\n\t\t\t\t\t\t<div class=\"elementor-element elementor-element-0fb9aa0 elementor-widget elementor-widget-heading\" data-id=\"0fb9aa0\" data-element_type=\"widget\" data-widget_type=\"heading.default\">\n\t\t\t\t<div class=\"elementor-widget-container\">\n\t\t\t\t\t<h2 class=\"elementor-heading-title elementor-size-default\">Professionnelles<\/h2>\t\t\t\t<\/div>\n\t\t\t\t<\/div>\n\t\t\t\t<div class=\"elementor-element elementor-element-2272e08 elementor-widget elementor-widget-image\" data-id=\"2272e08\" data-element_type=\"widget\" data-widget_type=\"image.default\">\n\t\t\t\t<div class=\"elementor-widget-container\">\n\t\t\t\t\t\t\t\t\t\t\t\t\t\t\t<img decoding=\"async\" width=\"800\" height=\"534\" src=\"https:\/\/metalix.fr\/wp-content\/uploads\/2022\/05\/IMG_2372-1024x683.jpg\" class=\"attachment-large size-large wp-image-471\" alt=\"\" srcset=\"https:\/\/metalix.fr\/wp-content\/uploads\/2022\/05\/IMG_2372-1024x683.jpg 1024w, https:\/\/metalix.fr\/wp-content\/uploads\/2022\/05\/IMG_2372-300x200.jpg 300w, https:\/\/metalix.fr\/wp-content\/uploads\/2022\/05\/IMG_2372-768x512.jpg 768w, https:\/\/metalix.fr\/wp-content\/uploads\/2022\/05\/IMG_2372-1536x1024.jpg 1536w, https:\/\/metalix.fr\/wp-content\/uploads\/2022\/05\/IMG_2372.jpg 1620w\" sizes=\"(max-width: 800px) 100vw, 800px\" \/>\t\t\t\t\t\t\t\t\t\t\t\t\t\t\t<\/div>\n\t\t\t\t<\/div>\n\t\t\t\t<div class=\"elementor-element elementor-element-8772447 elementor-align-center elementor-widget elementor-widget-button\" data-id=\"8772447\" data-element_type=\"widget\" data-widget_type=\"button.default\">\n\t\t\t\t<div class=\"elementor-widget-container\">\n\t\t\t\t\t\t\t\t\t<div class=\"elementor-button-wrapper\">\n\t\t\t\t\t<a class=\"elementor-button elementor-button-link elementor-size-sm elementor-animation-grow\" href=\"http:\/\/metalix.fr\/index.php\/professionnelles\/\">\n\t\t\t\t\t\t<span class=\"elementor-button-content-wrapper\">\n\t\t\t\t\t\t<span class=\"elementor-button-icon\">\n\t\t\t\t<i aria-hidden=\"true\" class=\"fas fa-image\"><\/i>\t\t\t<\/span>\n\t\t\t\t\t\t\t\t\t<span class=\"elementor-button-text\">D\u00e9couvrir<\/span>\n\t\t\t\t\t<\/span>\n\t\t\t\t\t<\/a>\n\t\t\t\t<\/div>\n\t\t\t\t\t\t\t\t<\/div>\n\t\t\t\t<\/div>\n\t\t\t\t\t<\/div>\n\t\t<\/div>\n\t\t\t\t\t<\/div>\n\t\t<\/section>\n\t\t\t\t<\/div>\n\t\t","protected":false},"excerpt":{"rendered":"<p>NOS R\u00c9ALISATIONS Particuliers D\u00e9couvrir Professionnelles D\u00e9couvrir<\/p>\n","protected":false},"author":1,"featured_media":0,"parent":0,"menu_order":0,"comment_status":"closed","ping_status":"closed","template":"","meta":{"footnotes":""},"class_list":["post-19","page","type-page","status-publish","hentry"],"yoast_head":"<!-- This site is optimized with the Yoast SEO plugin v24.6 - https:\/\/yoast.com\/wordpress\/plugins\/seo\/ -->\n<title>Nos r\u00e9alisations<\/title>\n<meta name=\"description\" content=\"D\u00e9couvrez de nombreux projets r\u00e9alis\u00e9s sur-mesure. N\u2019h\u00e9sitez pas \u00e0 vous attribuer des r\u00e9alisations r\u00e9f\u00e9rentes pour vous en inspirer.\" \/>\n<meta name=\"robots\" content=\"index, follow, max-snippet:-1, max-image-preview:large, max-video-preview:-1\" \/>\n<link rel=\"canonical\" href=\"https:\/\/metalix.fr\/index.php\/nos-realisations\/\" \/>\n<meta property=\"og:locale\" content=\"fr_FR\" \/>\n<meta property=\"og:type\" content=\"article\" \/>\n<meta property=\"og:title\" content=\"Nos r\u00e9alisations\" \/>\n<meta property=\"og:description\" content=\"D\u00e9couvrez de nombreux projets r\u00e9alis\u00e9s sur-mesure. N\u2019h\u00e9sitez pas \u00e0 vous attribuer des r\u00e9alisations r\u00e9f\u00e9rentes pour vous en inspirer.\" \/>\n<meta property=\"og:url\" content=\"https:\/\/metalix.fr\/index.php\/nos-realisations\/\" \/>\n<meta property=\"og:site_name\" content=\"M\u00e9talix\" \/>\n<meta property=\"article:modified_time\" content=\"2022-11-21T17:57:27+00:00\" \/>\n<meta property=\"og:image\" content=\"https:\/\/metalix.fr\/wp-content\/uploads\/2022\/07\/WhatsApp-Image-2022-07-04-at-11.43.11-2.jpeg\" \/>\n<meta name=\"twitter:card\" content=\"summary_large_image\" \/>\n<meta name=\"twitter:label1\" content=\"Dur\u00e9e de lecture estim\u00e9e\" \/>\n\t<meta name=\"twitter:data1\" content=\"1 minute\" \/>\n<script type=\"application\/ld+json\" class=\"yoast-schema-graph\">{\"@context\":\"https:\/\/schema.org\",\"@graph\":[{\"@type\":\"WebPage\",\"@id\":\"https:\/\/metalix.fr\/index.php\/nos-realisations\/\",\"url\":\"https:\/\/metalix.fr\/index.php\/nos-realisations\/\",\"name\":\"Nos r\u00e9alisations\",\"isPartOf\":{\"@id\":\"https:\/\/metalix.fr\/#website\"},\"primaryImageOfPage\":{\"@id\":\"https:\/\/metalix.fr\/index.php\/nos-realisations\/#primaryimage\"},\"image\":{\"@id\":\"https:\/\/metalix.fr\/index.php\/nos-realisations\/#primaryimage\"},\"thumbnailUrl\":\"https:\/\/metalix.fr\/wp-content\/uploads\/2022\/07\/WhatsApp-Image-2022-07-04-at-11.43.11-2.jpeg\",\"datePublished\":\"2022-05-03T08:26:38+00:00\",\"dateModified\":\"2022-11-21T17:57:27+00:00\",\"description\":\"D\u00e9couvrez de nombreux projets r\u00e9alis\u00e9s sur-mesure. N\u2019h\u00e9sitez pas \u00e0 vous attribuer des r\u00e9alisations r\u00e9f\u00e9rentes pour vous en inspirer.\",\"inLanguage\":\"fr-FR\",\"potentialAction\":[{\"@type\":\"ReadAction\",\"target\":[\"https:\/\/metalix.fr\/index.php\/nos-realisations\/\"]}]},{\"@type\":\"ImageObject\",\"inLanguage\":\"fr-FR\",\"@id\":\"https:\/\/metalix.fr\/index.php\/nos-realisations\/#primaryimage\",\"url\":\"https:\/\/metalix.fr\/wp-content\/uploads\/2022\/07\/WhatsApp-Image-2022-07-04-at-11.43.11-2.jpeg\",\"contentUrl\":\"https:\/\/metalix.fr\/wp-content\/uploads\/2022\/07\/WhatsApp-Image-2022-07-04-at-11.43.11-2.jpeg\",\"width\":1600,\"height\":900,\"caption\":\"Ensemble Verri\u00e8re + Escalier\"},{\"@type\":\"WebSite\",\"@id\":\"https:\/\/metalix.fr\/#website\",\"url\":\"https:\/\/metalix.fr\/\",\"name\":\"M\u00e9talix\",\"description\":\"\",\"publisher\":{\"@id\":\"https:\/\/metalix.fr\/#organization\"},\"potentialAction\":[{\"@type\":\"SearchAction\",\"target\":{\"@type\":\"EntryPoint\",\"urlTemplate\":\"https:\/\/metalix.fr\/?s={search_term_string}\"},\"query-input\":{\"@type\":\"PropertyValueSpecification\",\"valueRequired\":true,\"valueName\":\"search_term_string\"}}],\"inLanguage\":\"fr-FR\"},{\"@type\":\"Organization\",\"@id\":\"https:\/\/metalix.fr\/#organization\",\"name\":\"M\u00e9talix\",\"url\":\"https:\/\/metalix.fr\/\",\"logo\":{\"@type\":\"ImageObject\",\"inLanguage\":\"fr-FR\",\"@id\":\"https:\/\/metalix.fr\/#\/schema\/logo\/image\/\",\"url\":\"https:\/\/metalix.fr\/wp-content\/uploads\/2022\/10\/Logo-Fond-Blanc.png\",\"contentUrl\":\"https:\/\/metalix.fr\/wp-content\/uploads\/2022\/10\/Logo-Fond-Blanc.png\",\"width\":591,\"height\":237,\"caption\":\"M\u00e9talix\"},\"image\":{\"@id\":\"https:\/\/metalix.fr\/#\/schema\/logo\/image\/\"}}]}<\/script>\n<!-- \/ Yoast SEO plugin. -->","yoast_head_json":{"title":"Nos r\u00e9alisations","description":"D\u00e9couvrez de nombreux projets r\u00e9alis\u00e9s sur-mesure. N\u2019h\u00e9sitez pas \u00e0 vous attribuer des r\u00e9alisations r\u00e9f\u00e9rentes pour vous en inspirer.","robots":{"index":"index","follow":"follow","max-snippet":"max-snippet:-1","max-image-preview":"max-image-preview:large","max-video-preview":"max-video-preview:-1"},"canonical":"https:\/\/metalix.fr\/index.php\/nos-realisations\/","og_locale":"fr_FR","og_type":"article","og_title":"Nos r\u00e9alisations","og_description":"D\u00e9couvrez de nombreux projets r\u00e9alis\u00e9s sur-mesure. N\u2019h\u00e9sitez pas \u00e0 vous attribuer des r\u00e9alisations r\u00e9f\u00e9rentes pour vous en inspirer.","og_url":"https:\/\/metalix.fr\/index.php\/nos-realisations\/","og_site_name":"M\u00e9talix","article_modified_time":"2022-11-21T17:57:27+00:00","og_image":[{"url":"https:\/\/metalix.fr\/wp-content\/uploads\/2022\/07\/WhatsApp-Image-2022-07-04-at-11.43.11-2.jpeg","type":"","width":"","height":""}],"twitter_card":"summary_large_image","twitter_misc":{"Dur\u00e9e de lecture estim\u00e9e":"1 minute"},"schema":{"@context":"https:\/\/schema.org","@graph":[{"@type":"WebPage","@id":"https:\/\/metalix.fr\/index.php\/nos-realisations\/","url":"https:\/\/metalix.fr\/index.php\/nos-realisations\/","name":"Nos r\u00e9alisations","isPartOf":{"@id":"https:\/\/metalix.fr\/#website"},"primaryImageOfPage":{"@id":"https:\/\/metalix.fr\/index.php\/nos-realisations\/#primaryimage"},"image":{"@id":"https:\/\/metalix.fr\/index.php\/nos-realisations\/#primaryimage"},"thumbnailUrl":"https:\/\/metalix.fr\/wp-content\/uploads\/2022\/07\/WhatsApp-Image-2022-07-04-at-11.43.11-2.jpeg","datePublished":"2022-05-03T08:26:38+00:00","dateModified":"2022-11-21T17:57:27+00:00","description":"D\u00e9couvrez de nombreux projets r\u00e9alis\u00e9s sur-mesure. N\u2019h\u00e9sitez pas \u00e0 vous attribuer des r\u00e9alisations r\u00e9f\u00e9rentes pour vous en inspirer.","inLanguage":"fr-FR","potentialAction":[{"@type":"ReadAction","target":["https:\/\/metalix.fr\/index.php\/nos-realisations\/"]}]},{"@type":"ImageObject","inLanguage":"fr-FR","@id":"https:\/\/metalix.fr\/index.php\/nos-realisations\/#primaryimage","url":"https:\/\/metalix.fr\/wp-content\/uploads\/2022\/07\/WhatsApp-Image-2022-07-04-at-11.43.11-2.jpeg","contentUrl":"https:\/\/metalix.fr\/wp-content\/uploads\/2022\/07\/WhatsApp-Image-2022-07-04-at-11.43.11-2.jpeg","width":1600,"height":900,"caption":"Ensemble Verri\u00e8re + Escalier"},{"@type":"WebSite","@id":"https:\/\/metalix.fr\/#website","url":"https:\/\/metalix.fr\/","name":"M\u00e9talix","description":"","publisher":{"@id":"https:\/\/metalix.fr\/#organization"},"potentialAction":[{"@type":"SearchAction","target":{"@type":"EntryPoint","urlTemplate":"https:\/\/metalix.fr\/?s={search_term_string}"},"query-input":{"@type":"PropertyValueSpecification","valueRequired":true,"valueName":"search_term_string"}}],"inLanguage":"fr-FR"},{"@type":"Organization","@id":"https:\/\/metalix.fr\/#organization","name":"M\u00e9talix","url":"https:\/\/metalix.fr\/","logo":{"@type":"ImageObject","inLanguage":"fr-FR","@id":"https:\/\/metalix.fr\/#\/schema\/logo\/image\/","url":"https:\/\/metalix.fr\/wp-content\/uploads\/2022\/10\/Logo-Fond-Blanc.png","contentUrl":"https:\/\/metalix.fr\/wp-content\/uploads\/2022\/10\/Logo-Fond-Blanc.png","width":591,"height":237,"caption":"M\u00e9talix"},"image":{"@id":"https:\/\/metalix.fr\/#\/schema\/logo\/image\/"}}]}},"_links":{"self":[{"href":"https:\/\/metalix.fr\/index.php\/wp-json\/wp\/v2\/pages\/19","targetHints":{"allow":["GET"]}}],"collection":[{"href":"https:\/\/metalix.fr\/index.php\/wp-json\/wp\/v2\/pages"}],"about":[{"href":"https:\/\/metalix.fr\/index.php\/wp-json\/wp\/v2\/types\/page"}],"author":[{"embeddable":true,"href":"https:\/\/metalix.fr\/index.php\/wp-json\/wp\/v2\/users\/1"}],"replies":[{"embeddable":true,"href":"https:\/\/metalix.fr\/index.php\/wp-json\/wp\/v2\/comments?post=19"}],"version-history":[{"count":53,"href":"https:\/\/metalix.fr\/index.php\/wp-json\/wp\/v2\/pages\/19\/revisions"}],"predecessor-version":[{"id":1456,"href":"https:\/\/metalix.fr\/index.php\/wp-json\/wp\/v2\/pages\/19\/revisions\/1456"}],"wp:attachment":[{"href":"https:\/\/metalix.fr\/index.php\/wp-json\/wp\/v2\/media?parent=19"}],"curies":[{"name":"wp","href":"https:\/\/api.w.org\/{rel}","templated":true}]}}